{"id":16,"date":"2025-08-13T03:26:28","date_gmt":"2025-08-13T03:26:28","guid":{"rendered":"http:\/\/www.karlitepe.com\/?page_id=16"},"modified":"2025-08-13T03:40:41","modified_gmt":"2025-08-13T03:40:41","slug":"kurumsal","status":"publish","type":"page","link":"http:\/\/www.karlitepe.com\/index.php\/kurumsal\/","title":{"rendered":"Kurumsal"},"content":{"rendered":"\n<h4 class=\"wp-block-heading\"><strong>Misyonumuz:<\/strong><\/h4>\n\n\n\n<p>Karlitepe Software, her t\u00fcrl\u00fc i\u015f ve sekt\u00f6r ihtiyac\u0131na \u00f6zel, yenilik\u00e7i ve y\u00fcksek kaliteli yaz\u0131l\u0131m \u00e7\u00f6z\u00fcmleri sunmay\u0131 misyon edinmi\u015ftir. Teknolojiyi etkili bir \u015fekilde kullanarak, i\u015fletmelerin verimlili\u011fini art\u0131rmak, i\u015f s\u00fcre\u00e7lerini optimize etmek ve dijital d\u00f6n\u00fc\u015f\u00fcmlerini h\u0131zland\u0131rmak i\u00e7in \u00f6zelle\u015ftirilmi\u015f \u00e7\u00f6z\u00fcmler sunuyoruz. Her zaman g\u00fcvenilir, kullan\u0131c\u0131 dostu ve s\u00fcrd\u00fcr\u00fclebilir yaz\u0131l\u0131mlar geli\u015ftirmeyi hedefliyoruz.<\/p>\n\n\n\n<p>Karlitepe Software, her t\u00fcrl\u00fc i\u015f ve sekt\u00f6r ihtiyac\u0131na \u00f6zel, yenilik\u00e7i ve y\u00fcksek kaliteli yaz\u0131l\u0131m \u00e7\u00f6z\u00fcmleri sunmay\u0131 misyon edinmi\u015ftir. Teknolojiyi etkili bir \u015fekilde kullanarak, i\u015fletmelerin verimlili\u011fini art\u0131rmak, i\u015f s\u00fcre\u00e7lerini optimize etmek ve dijital d\u00f6n\u00fc\u015f\u00fcmlerini h\u0131zland\u0131rmak i\u00e7in \u00f6zelle\u015ftirilmi\u015f \u00e7\u00f6z\u00fcmler sunuyoruz. Her zaman g\u00fcvenilir, kullan\u0131c\u0131 dostu ve s\u00fcrd\u00fcr\u00fclebilir yaz\u0131l\u0131mlar geli\u015ftirmeyi hedefliyoruz.<\/p>\n\n\n\n<p><\/p>\n\n\n\n<h4 class=\"wp-block-heading\"><strong>Vizyonumuz:<\/strong><\/h4>\n\n\n\n<p>Karlitepe Software olarak, d\u00fcnya \u00e7ap\u0131nda tan\u0131nan, teknolojik yeniliklere \u00f6nc\u00fcl\u00fck eden ve sekt\u00f6rdeki en g\u00fcvenilir yaz\u0131l\u0131m geli\u015ftirme \u015firketi olmay\u0131 vizyonumuz olarak belirledik. Kullan\u0131c\u0131 odakl\u0131 yakla\u015f\u0131m\u0131m\u0131zla, her projede m\u00fckemmelli\u011fi hedefliyor ve global pazarda kal\u0131c\u0131 bir iz b\u0131rakmak i\u00e7in \u00e7al\u0131\u015fmalar\u0131m\u0131za y\u00f6n veriyoruz. Yaz\u0131l\u0131m \u00e7\u00f6z\u00fcmlerimizle m\u00fc\u015fterilerimizin i\u015f hedeflerine ula\u015fmalar\u0131n\u0131 kolayla\u015ft\u0131rmay\u0131 ve teknoloji alan\u0131ndaki liderli\u011fimizi peki\u015ftirmeyi ama\u00e7l\u0131yoruz.<\/p>\n\n\n\n<p><\/p>\n\n\n\n<h4 class=\"wp-block-heading\"><strong>Hakk\u0131m\u0131zda:<\/strong><\/h4>\n\n\n\n<p>Karlitepe Software, yaz\u0131l\u0131m geli\u015ftirme alan\u0131nda uzun y\u0131llara dayanan deneyime sahip, profesyonel bir ekip taraf\u0131ndan y\u00f6netilen bir \u015firkettir. M\u00fc\u015fteri memnuniyetini her \u015feyin \u00f6n\u00fcnde tutarak, kaliteli ve \u00f6l\u00e7eklenebilir yaz\u0131l\u0131m \u00e7\u00f6z\u00fcmleri sunuyoruz. Yenilik\u00e7i bak\u0131\u015f a\u00e7\u0131m\u0131zla, her sekt\u00f6rdeki i\u015fletmelere \u00f6zel \u00e7\u00f6z\u00fcmler geli\u015ftiriyor ve dijital d\u00f6n\u00fc\u015f\u00fcm s\u00fcre\u00e7lerini h\u0131zland\u0131r\u0131yoruz. Teknolojiye olan tutkumuz ve s\u00fcrekli \u00f6\u011frenme yakla\u015f\u0131m\u0131m\u0131zla sekt\u00f6rdeki geli\u015fmeleri takip ediyor, her zaman daha iyisini sunmay\u0131 hedefliyoruz.<\/p>\n\n\n\n<h4 class=\"wp-block-heading\"><strong>De\u011ferlerimiz:<\/strong><\/h4>\n\n\n\n<ul class=\"wp-block-list\">\n<li><strong>M\u00fckemmeliyet:<\/strong> Her projede y\u00fcksek kaliteli, g\u00fcvenilir ve performans odakl\u0131 \u00e7\u00f6z\u00fcmler sunmay\u0131 taahh\u00fct ediyoruz.<\/li>\n\n\n\n<li><strong>Yenilik\u00e7ilik:<\/strong> Teknolojik geli\u015fmeleri takip ederek, yarat\u0131c\u0131 ve yenilik\u00e7i \u00e7\u00f6z\u00fcmler sunmaya \u00f6zen g\u00f6steriyoruz.<\/li>\n\n\n\n<li><strong>M\u00fc\u015fteri Odakl\u0131l\u0131k:<\/strong> M\u00fc\u015fterilerimizin ihtiya\u00e7lar\u0131n\u0131 anlamak ve onlara en uygun \u00e7\u00f6z\u00fcmleri sunmak, i\u015fimizin temelini olu\u015fturuyor.<\/li>\n\n\n\n<li><strong>\u015eeffafl\u0131k:<\/strong> Her a\u015famada a\u00e7\u0131k ileti\u015fim ve \u015feffafl\u0131k ilkesini benimseyerek, m\u00fc\u015fterilerimize g\u00fcven veriyoruz.<\/li>\n\n\n\n<li><strong>Ekip \u00c7al\u0131\u015fmas\u0131:<\/strong> Ba\u015far\u0131y\u0131 ekip ruhuyla elde ediyoruz ve i\u015fbirli\u011fine dayal\u0131 bir \u00e7al\u0131\u015fma ortam\u0131 sunuyoruz.<\/li>\n\n\n\n<li><strong>S\u00fcrekli Geli\u015fim:<\/strong> Teknoloji alan\u0131ndaki geli\u015fmeleri takip ediyor ve yaz\u0131l\u0131m \u00e7\u00f6z\u00fcmlerimizi her zaman iyile\u015ftiriyoruz.<\/li>\n<\/ul>\n\n\n\n<figure class=\"wp-block-image size-full\"><img loading=\"lazy\" decoding=\"async\" width=\"186\" height=\"158\" src=\"http:\/\/www.karlitepe.com\/wp-content\/uploads\/2025\/08\/imza.png\" alt=\"\" class=\"wp-image-30\"\/><\/figure>\n\n\n\n<p><\/p>\n","protected":false},"excerpt":{"rendered":"<p>Misyonumuz: Karlitepe Software, her t\u00fcrl\u00fc i\u015f ve sekt\u00f6r ihtiyac\u0131na \u00f6zel, yenilik\u00e7i ve y\u00fcksek kaliteli yaz\u0131l\u0131m \u00e7\u00f6z\u00fcmleri sunmay\u0131 misyon edinmi\u015ftir. Teknolojiyi etkili bir \u015fekilde kullanarak, i\u015fletmelerin verimlili\u011fini art\u0131rmak, i\u015f s\u00fcre\u00e7lerini optimize etmek ve dijital d\u00f6n\u00fc\u015f\u00fcmlerini h\u0131zland\u0131rmak i\u00e7in \u00f6zelle\u015ftirilmi\u015f \u00e7\u00f6z\u00fcmler sunuyoruz. Her zaman g\u00fcvenilir, kullan\u0131c\u0131 dostu ve s\u00fcrd\u00fcr\u00fclebilir yaz\u0131l\u0131mlar geli\u015ftirmeyi hedefliyoruz. Karlitepe Software, her t\u00fcrl\u00fc i\u015f ve [&hellip;]<\/p>\n","protected":false},"author":1,"featured_media":0,"parent":0,"menu_order":0,"comment_status":"closed","ping_status":"closed","template":"","meta":{"footnotes":""},"class_list":["post-16","page","type-page","status-publish","hentry"],"_links":{"self":[{"href":"http:\/\/www.karlitepe.com\/index.php\/wp-json\/wp\/v2\/pages\/16","targetHints":{"allow":["GET"]}}],"collection":[{"href":"http:\/\/www.karlitepe.com\/index.php\/wp-json\/wp\/v2\/pages"}],"about":[{"href":"http:\/\/www.karlitepe.com\/index.php\/wp-json\/wp\/v2\/types\/page"}],"author":[{"embeddable":true,"href":"http:\/\/www.karlitepe.com\/index.php\/wp-json\/wp\/v2\/users\/1"}],"replies":[{"embeddable":true,"href":"http:\/\/www.karlitepe.com\/index.php\/wp-json\/wp\/v2\/comments?post=16"}],"version-history":[{"count":4,"href":"http:\/\/www.karlitepe.com\/index.php\/wp-json\/wp\/v2\/pages\/16\/revisions"}],"predecessor-version":[{"id":41,"href":"http:\/\/www.karlitepe.com\/index.php\/wp-json\/wp\/v2\/pages\/16\/revisions\/41"}],"wp:attachment":[{"href":"http:\/\/www.karlitepe.com\/index.php\/wp-json\/wp\/v2\/media?parent=16"}],"curies":[{"name":"wp","href":"https:\/\/api.w.org\/{rel}","templated":true}]}}